{"id":1388,"date":"2020-05-14T00:04:51","date_gmt":"2020-05-14T00:04:51","guid":{"rendered":"http:\/\/www.2print.com.mx\/?page_id=1388"},"modified":"2020-11-24T23:46:12","modified_gmt":"2020-11-24T23:46:12","slug":"aviso-de-privacidad","status":"publish","type":"page","link":"https:\/\/www.2print.com.mx\/?page_id=1388","title":{"rendered":"Aviso de Privacidad"},"content":{"rendered":"\t\t<div data-elementor-type=\"wp-page\" data-elementor-id=\"1388\" class=\"elementor elementor-1388\">\n\t\t\t\t\t\t<section class=\"elementor-section elementor-top-section elementor-element elementor-element-431d4e5 elementor-section-content-bottom elementor-section-boxed elementor-section-height-default elementor-section-height-default\" data-id=\"431d4e5\" data-element_type=\"section\" data-e-type=\"section\">\n\t\t\t\t\t\t<div class=\"elementor-container elementor-column-gap-default\">\n\t\t\t\t\t<div class=\"elementor-column elementor-col-100 elementor-top-column elementor-element elementor-element-686910b\" data-id=\"686910b\" data-element_type=\"column\" data-e-type=\"column\">\n\t\t\t<div class=\"elementor-widget-wrap elementor-element-populated\">\n\t\t\t\t\t\t<div class=\"elementor-element elementor-element-600dbc7 elementor-widget elementor-widget-heading\" data-id=\"600dbc7\" data-element_type=\"widget\" data-e-type=\"widget\" data-widget_type=\"heading.default\">\n\t\t\t\t<div class=\"elementor-widget-container\">\n\t\t\t\t\t<h2 class=\"elementor-heading-title elementor-size-xl\">Aviso de privacidad<\/h2>\t\t\t\t<\/div>\n\t\t\t\t<\/div>\n\t\t\t\t<div class=\"elementor-element elementor-element-1205d992 elementor-widget elementor-widget-text-editor\" data-id=\"1205d992\" data-element_type=\"widget\" data-e-type=\"widget\" data-widget_type=\"text-editor.default\">\n\t\t\t\t<div class=\"elementor-widget-container\">\n\t\t\t\t\t\t\t\t\t<p align=\"justify\" data-v-3413a6dc=\"\">Su informaci\u00f3n personal ser\u00e1 utilizada para proveer los servicios y productos que ha solicitado, informarle sobre cambios en los mismos, evaluar la calidad del servicio que le brindamos y promocionar los productos que consideramos son \u00fatiles para usted. Para las finalidades antes mencionadas, requerimos obtener los siguientes datos personales: nombre, direcci\u00f3n fiscal, RFC, tel\u00e9fono, correo electr\u00f3nico, considerado como sensible seg\u00fan la Ley Federal de Protecci\u00f3n de Datos Personales en Posesi\u00f3n de los Particulares.<\/p>\n<p align=\"justify\" data-v-3413a6dc=\"\">Nos comprometemos a no transferir su informaci\u00f3n personal a terceros sin su consentimiento, salvo las excepciones previstas en el art\u00edculo 37 de la Ley Federal de Protecci\u00f3n de Datos Personales en Posesi\u00f3n de los Particulares, as\u00ed como a realizar esta transferencia en los t\u00e9rminos que fija esa ley.<\/p>\n<p align=\"justify\" data-v-3413a6dc=\"\">Usted tiene derecho de acceder, rectificar y cancelar sus datos personales, as\u00ed como de oponerse al tratamiento de los mismos.<\/p>\n<p align=\"justify\" data-v-3413a6dc=\"\">Podr\u00e1 ejercer los derechos que le confiere la Ley, a partir del 6 de enero de 2012, mediante una solicitud por escrito, que deber\u00e1 presentar en nuestro domicilio que se indica en la p\u00e1gina web:<b> www.2print.com.mx<\/b><\/p>\n<p align=\"justify\" data-v-3413a6dc=\"\">Todas las solicitudes que sean presentadas, independiente del medio utilizado, deber\u00e1n:<\/p>\n<p align=\"justify\" data-v-3413a6dc=\"\">\u00b7 Incluir el nombre y firma aut\u00f3grafa del titular, as\u00ed como un domicilio u otro medio para comunicarle la respuesta a su solicitud.<\/p>\n<p align=\"justify\" data-v-3413a6dc=\"\">Acompa\u00f1ar los documentos oficiales que acrediten la identidad del titular.<\/p>\n<p align=\"justify\" data-v-3413a6dc=\"\">Incluir una descripci\u00f3n clara y precisa de los datos personales respecto de los cuales ejercitar\u00e1 los derechos que les confiere la Ley.<\/p>\n<p align=\"justify\" data-v-3413a6dc=\"\">Incluir cualquier elemento o documento que facilite la localizaci\u00f3n de los datos personales de que se traten.<\/p>\n<p align=\"justify\" data-v-3413a6dc=\"\">Si usted desea dejar de recibir mensajes promocionales de nuestra parte puede solicitarlo a trav\u00e9s de los tel\u00e9fonos y contactos que aparecen en nuestra p\u00e1gina web: <b>www.2print.com.mx<\/b><\/p>\n<p align=\"justify\" data-v-3413a6dc=\"\">Cualquier modificaci\u00f3n a este aviso de privacidad podr\u00e1 consultarla en este medio.<\/p>\n<p align=\"justify\" data-v-3413a6dc=\"\">Fecha \u00faltima de actualizaci\u00f3n: <b>13\/Mayo\/2020.<\/b><\/p>\t\t\t\t\t\t\t\t<\/div>\n\t\t\t\t<\/div>\n\t\t\t\t\t<\/div>\n\t\t<\/div>\n\t\t\t\t\t<\/div>\n\t\t<\/section>\n\t\t\t\t<\/div>\n\t\t","protected":false},"excerpt":{"rendered":"<p>Aviso de privacidad Su informaci\u00f3n personal ser\u00e1 utilizada para proveer los servicios y productos que ha solicitado, informarle sobre cambios en los mismos, evaluar la calidad del servicio que le brindamos y promocionar los productos que consideramos son \u00fatiles para usted. Para las finalidades antes mencionadas, requerimos obtener los siguientes datos personales: nombre, direcci\u00f3n fiscal, [&hellip;]<\/p>\n","protected":false},"author":2,"featured_media":0,"parent":0,"menu_order":0,"comment_status":"closed","ping_status":"closed","template":"","meta":{"site-sidebar-layout":"no-sidebar","site-content-layout":"page-builder","ast-site-content-layout":"default","site-content-style":"default","site-sidebar-style":"default","ast-global-header-display":"","ast-banner-title-visibility":"","ast-main-header-display":"","ast-hfb-above-header-display":"","ast-hfb-below-header-display":"","ast-hfb-mobile-header-display":"","site-post-title":"disabled","ast-breadcrumbs-content":"","ast-featured-img":"disabled","footer-sml-layout":"","ast-disable-related-posts":"","theme-transparent-header-meta":"default","adv-header-id-meta":"","stick-header-meta":"","header-above-stick-meta":"","header-main-stick-meta":"","header-below-stick-meta":"","astra-migrate-meta-layouts":"default","ast-page-background-enabled":"default","ast-page-background-meta":{"desktop":{"background-color":"","background-image":"","background-repeat":"repeat","background-position":"center center","background-size":"auto","background-attachment":"scroll","background-type":"","background-media":"","overlay-type":"","overlay-color":"","overlay-opacity":"","overlay-gradient":""},"tablet":{"background-color":"","background-image":"","background-repeat":"repeat","background-position":"center center","background-size":"auto","background-attachment":"scroll","background-type":"","background-media":"","overlay-type":"","overlay-color":"","overlay-opacity":"","overlay-gradient":""},"mobile":{"background-color":"","background-image":"","background-repeat":"repeat","background-position":"center center","background-size":"auto","background-attachment":"scroll","background-type":"","background-media":"","overlay-type":"","overlay-color":"","overlay-opacity":"","overlay-gradient":""}},"ast-content-background-meta":{"desktop":{"background-color":"var(--ast-global-color-5)","background-image":"","background-repeat":"repeat","background-position":"center center","background-size":"auto","background-attachment":"scroll","background-type":"","background-media":"","overlay-type":"","overlay-color":"","overlay-opacity":"","overlay-gradient":""},"tablet":{"background-color":"var(--ast-global-color-5)","background-image":"","background-repeat":"repeat","background-position":"center center","background-size":"auto","background-attachment":"scroll","background-type":"","background-media":"","overlay-type":"","overlay-color":"","overlay-opacity":"","overlay-gradient":""},"mobile":{"background-color":"var(--ast-global-color-5)","background-image":"","background-repeat":"repeat","background-position":"center center","background-size":"auto","background-attachment":"scroll","background-type":"","background-media":"","overlay-type":"","overlay-color":"","overlay-opacity":"","overlay-gradient":""}},"footnotes":""},"class_list":["post-1388","page","type-page","status-publish","hentry"],"_links":{"self":[{"href":"https:\/\/www.2print.com.mx\/index.php?rest_route=\/wp\/v2\/pages\/1388","targetHints":{"allow":["GET"]}}],"collection":[{"href":"https:\/\/www.2print.com.mx\/index.php?rest_route=\/wp\/v2\/pages"}],"about":[{"href":"https:\/\/www.2print.com.mx\/index.php?rest_route=\/wp\/v2\/types\/page"}],"author":[{"embeddable":true,"href":"https:\/\/www.2print.com.mx\/index.php?rest_route=\/wp\/v2\/users\/2"}],"replies":[{"embeddable":true,"href":"https:\/\/www.2print.com.mx\/index.php?rest_route=%2Fwp%2Fv2%2Fcomments&post=1388"}],"version-history":[{"count":6,"href":"https:\/\/www.2print.com.mx\/index.php?rest_route=\/wp\/v2\/pages\/1388\/revisions"}],"predecessor-version":[{"id":1507,"href":"https:\/\/www.2print.com.mx\/index.php?rest_route=\/wp\/v2\/pages\/1388\/revisions\/1507"}],"wp:attachment":[{"href":"https:\/\/www.2print.com.mx\/index.php?rest_route=%2Fwp%2Fv2%2Fmedia&parent=1388"}],"curies":[{"name":"wp","href":"https:\/\/api.w.org\/{rel}","templated":true}]}}