{"id":1216,"date":"2017-07-11T08:54:31","date_gmt":"2017-07-11T08:54:31","guid":{"rendered":"http:\/\/www.2print.com.mx\/home\/"},"modified":"2024-09-13T01:21:54","modified_gmt":"2024-09-13T01:21:54","slug":"inicio","status":"publish","type":"page","link":"https:\/\/www.2print.com.mx\/","title":{"rendered":"Inicio"},"content":{"rendered":"\t\t<div data-elementor-type=\"wp-post\" data-elementor-id=\"1216\" class=\"elementor elementor-1216\">\n\t\t\t\t\t\t<section class=\"elementor-section elementor-top-section elementor-element elementor-element-rlgh7v6 elementor-section-boxed elementor-section-height-default elementor-section-height-default\" data-id=\"rlgh7v6\" data-element_type=\"section\" data-e-type=\"section\" data-settings=\"{&quot;background_background&quot;:&quot;classic&quot;}\">\n\t\t\t\t\t\t\t<div class=\"elementor-background-overlay\"><\/div>\n\t\t\t\t\t\t\t<div class=\"elementor-container elementor-column-gap-default\">\n\t\t\t\t\t<div class=\"elementor-column elementor-col-100 elementor-top-column elementor-element elementor-element-teyzpiw\" data-id=\"teyzpiw\" data-element_type=\"column\" data-e-type=\"column\">\n\t\t\t<div class=\"elementor-widget-wrap elementor-element-populated\">\n\t\t\t\t\t\t<div class=\"elementor-element elementor-element-oda1rf3 elementor-widget elementor-widget-image\" data-id=\"oda1rf3\" data-element_type=\"widget\" data-e-type=\"widget\" data-widget_type=\"image.default\">\n\t\t\t\t<div class=\"elementor-widget-container\">\n\t\t\t\t\t\t\t\t\t\t\t\t\t\t\t<img decoding=\"async\" src=\"http:\/\/www.2print.com.mx\/main\/wp-content\/uploads\/2020\/05\/registro_icon.png\" title=\"\" alt=\"\" loading=\"lazy\" \/>\t\t\t\t\t\t\t\t\t\t\t\t\t\t\t<\/div>\n\t\t\t\t<\/div>\n\t\t\t\t<div class=\"elementor-element elementor-element-9g3dbfz elementor-widget elementor-widget-heading\" data-id=\"9g3dbfz\" data-element_type=\"widget\" data-e-type=\"widget\" data-widget_type=\"heading.default\">\n\t\t\t\t<div class=\"elementor-widget-container\">\n\t\t\t\t\t<h2 class=\"elementor-heading-title elementor-size-xxl\">Servicios Impresos<\/h2>\t\t\t\t<\/div>\n\t\t\t\t<\/div>\n\t\t\t\t<section class=\"elementor-section elementor-inner-section elementor-element elementor-element-te9nkrx elementor-section-boxed elementor-section-height-default elementor-section-height-default\" data-id=\"te9nkrx\" data-element_type=\"section\" data-e-type=\"section\">\n\t\t\t\t\t\t<div class=\"elementor-container elementor-column-gap-default\">\n\t\t\t\t\t<div class=\"elementor-column elementor-col-100 elementor-inner-column elementor-element elementor-element-gaa7mfo\" data-id=\"gaa7mfo\" data-element_type=\"column\" data-e-type=\"column\">\n\t\t\t<div class=\"elementor-widget-wrap elementor-element-populated\">\n\t\t\t\t\t\t<div class=\"elementor-element elementor-element-ybbtq9h elementor-align-center elementor-button-info elementor-mobile-align-center elementor-widget elementor-widget-button\" data-id=\"ybbtq9h\" data-element_type=\"widget\" data-e-type=\"widget\" data-widget_type=\"button.default\">\n\t\t\t\t<div class=\"elementor-widget-container\">\n\t\t\t\t\t\t\t\t\t<div class=\"elementor-button-wrapper\">\n\t\t\t\t\t<a class=\"elementor-button elementor-button-link elementor-size-md\" href=\"http:\/\/www.2print.com.mx\/?page_id=1226#formulario\">\n\t\t\t\t\t\t<span class=\"elementor-button-content-wrapper\">\n\t\t\t\t\t\t\t\t\t<span class=\"elementor-button-text\">Solicita una Cotizaci\u00f3n<\/span>\n\t\t\t\t\t<\/span>\n\t\t\t\t\t<\/a>\n\t\t\t\t<\/div>\n\t\t\t\t\t\t\t\t<\/div>\n\t\t\t\t<\/div>\n\t\t\t\t\t<\/div>\n\t\t<\/div>\n\t\t\t\t\t<\/div>\n\t\t<\/section>\n\t\t\t\t\t<\/div>\n\t\t<\/div>\n\t\t\t\t\t<\/div>\n\t\t<\/section>\n\t\t\t\t<section class=\"elementor-section elementor-top-section elementor-element elementor-element-rt0ifzd elementor-section-content-middle elementor-section-boxed elementor-section-height-default elementor-section-height-default\" data-id=\"rt0ifzd\" data-element_type=\"section\" data-e-type=\"section\">\n\t\t\t\t\t\t<div class=\"elementor-container elementor-column-gap-default\">\n\t\t\t\t\t<div class=\"elementor-column elementor-col-100 elementor-top-column elementor-element elementor-element-0cbm4xd\" data-id=\"0cbm4xd\" data-element_type=\"column\" data-e-type=\"column\">\n\t\t\t<div class=\"elementor-widget-wrap elementor-element-populated\">\n\t\t\t\t\t\t<div class=\"elementor-element elementor-element-lajf8ql elementor-widget elementor-widget-heading\" data-id=\"lajf8ql\" data-element_type=\"widget\" data-e-type=\"widget\" data-widget_type=\"heading.default\">\n\t\t\t\t<div class=\"elementor-widget-container\">\n\t\t\t\t\t<h2 class=\"elementor-heading-title elementor-size-xl\">tranquilidad...<\/h2>\t\t\t\t<\/div>\n\t\t\t\t<\/div>\n\t\t\t\t<div class=\"elementor-element elementor-element-d7cakya elementor-widget elementor-widget-text-editor\" data-id=\"d7cakya\" data-element_type=\"widget\" data-e-type=\"widget\" data-widget_type=\"text-editor.default\">\n\t\t\t\t<div class=\"elementor-widget-container\">\n\t\t\t\t\t\t\t\t\t<p>Contamos con un<span class=\"Apple-converted-space\">\u00a0<\/span><b>servicio integral\u00a0<\/b>donde ofrecemos una amplia gama de productos gr\u00e1ficos que le <strong>ayudar\u00e1n a optimizar y agilizar<\/strong> <strong>sus necesidades,<\/strong> <strong>satisfaciendo sus requerimientos<\/strong> y costos con un solo proveedor.<\/p>\t\t\t\t\t\t\t\t<\/div>\n\t\t\t\t<\/div>\n\t\t\t\t\t<\/div>\n\t\t<\/div>\n\t\t\t\t\t<\/div>\n\t\t<\/section>\n\t\t\t\t<section class=\"elementor-section elementor-top-section elementor-element elementor-element-saxsfge elementor-section-boxed elementor-section-height-default elementor-section-height-default\" data-id=\"saxsfge\" data-element_type=\"section\" data-e-type=\"section\" data-settings=\"{&quot;background_background&quot;:&quot;classic&quot;}\">\n\t\t\t\t\t\t<div class=\"elementor-container elementor-column-gap-default\">\n\t\t\t\t\t<div class=\"elementor-column elementor-col-100 elementor-top-column elementor-element elementor-element-ulq4203\" data-id=\"ulq4203\" data-element_type=\"column\" data-e-type=\"column\">\n\t\t\t<div class=\"elementor-widget-wrap elementor-element-populated\">\n\t\t\t\t\t\t<section class=\"elementor-section elementor-inner-section elementor-element elementor-element-qhqs2jv elementor-section-boxed elementor-section-height-default elementor-section-height-default\" data-id=\"qhqs2jv\" data-element_type=\"section\" data-e-type=\"section\">\n\t\t\t\t\t\t<div class=\"elementor-container elementor-column-gap-default\">\n\t\t\t\t\t<div class=\"elementor-column elementor-col-100 elementor-inner-column elementor-element elementor-element-cd49x3f\" data-id=\"cd49x3f\" data-element_type=\"column\" data-e-type=\"column\">\n\t\t\t<div class=\"elementor-widget-wrap elementor-element-populated\">\n\t\t\t\t\t\t<div class=\"elementor-element elementor-element-3m72fii gallery-spacing-custom elementor-widget elementor-widget-image-gallery\" data-id=\"3m72fii\" data-element_type=\"widget\" data-e-type=\"widget\" data-widget_type=\"image-gallery.default\">\n\t\t\t\t<div class=\"elementor-widget-container\">\n\t\t\t\t\t\t\t<div class=\"elementor-image-gallery\">\n\t\t\t<div id='gallery-1' class='gallery galleryid-1216 gallery-columns-4 gallery-size-full'><figure class='gallery-item'>\n\t\t\t<div class='gallery-icon portrait'>\n\t\t\t\t<img fetchpriority=\"high\" decoding=\"async\" width=\"367\" height=\"450\" src=\"https:\/\/www.2print.com.mx\/wp-content\/uploads\/2020\/05\/hojas-tarjetas-1.jpg\" class=\"attachment-full size-full\" alt=\"\" aria-describedby=\"gallery-1-1365\" srcset=\"https:\/\/www.2print.com.mx\/wp-content\/uploads\/2020\/05\/hojas-tarjetas-1.jpg 367w, https:\/\/www.2print.com.mx\/wp-content\/uploads\/2020\/05\/hojas-tarjetas-1-245x300.jpg 245w\" sizes=\"(max-width: 367px) 100vw, 367px\" \/>\n\t\t\t<\/div>\n\t\t\t\t<figcaption class='wp-caption-text gallery-caption' id='gallery-1-1365'>\n\t\t\t\tPapeler\u00eda Corporativa\n\t\t\t\t<\/figcaption><\/figure><figure class='gallery-item'>\n\t\t\t<div class='gallery-icon portrait'>\n\t\t\t\t<img decoding=\"async\" width=\"367\" height=\"450\" src=\"https:\/\/www.2print.com.mx\/wp-content\/uploads\/2020\/05\/tarjetas-2.jpg\" class=\"attachment-full size-full\" alt=\"\" aria-describedby=\"gallery-1-1373\" srcset=\"https:\/\/www.2print.com.mx\/wp-content\/uploads\/2020\/05\/tarjetas-2.jpg 367w, https:\/\/www.2print.com.mx\/wp-content\/uploads\/2020\/05\/tarjetas-2-245x300.jpg 245w\" sizes=\"(max-width: 367px) 100vw, 367px\" \/>\n\t\t\t<\/div>\n\t\t\t\t<figcaption class='wp-caption-text gallery-caption' id='gallery-1-1373'>\n\t\t\t\tRealzado\n\t\t\t\t<\/figcaption><\/figure><figure class='gallery-item'>\n\t\t\t<div class='gallery-icon portrait'>\n\t\t\t\t<img decoding=\"async\" width=\"367\" height=\"450\" src=\"https:\/\/www.2print.com.mx\/wp-content\/uploads\/2020\/05\/gorra-3d-1.jpg\" class=\"attachment-full size-full\" alt=\"\" aria-describedby=\"gallery-1-1369\" srcset=\"https:\/\/www.2print.com.mx\/wp-content\/uploads\/2020\/05\/gorra-3d-1.jpg 367w, https:\/\/www.2print.com.mx\/wp-content\/uploads\/2020\/05\/gorra-3d-1-245x300.jpg 245w\" sizes=\"(max-width: 367px) 100vw, 367px\" \/>\n\t\t\t<\/div>\n\t\t\t\t<figcaption class='wp-caption-text gallery-caption' id='gallery-1-1369'>\n\t\t\t\tBordado 3D\n\t\t\t\t<\/figcaption><\/figure><figure class='gallery-item'>\n\t\t\t<div class='gallery-icon portrait'>\n\t\t\t\t<img loading=\"lazy\" decoding=\"async\" width=\"367\" height=\"450\" src=\"https:\/\/www.2print.com.mx\/wp-content\/uploads\/2020\/05\/wall.jpg\" class=\"attachment-full size-full\" alt=\"\" aria-describedby=\"gallery-1-1374\" srcset=\"https:\/\/www.2print.com.mx\/wp-content\/uploads\/2020\/05\/wall.jpg 367w, https:\/\/www.2print.com.mx\/wp-content\/uploads\/2020\/05\/wall-245x300.jpg 245w\" sizes=\"(max-width: 367px) 100vw, 367px\" \/>\n\t\t\t<\/div>\n\t\t\t\t<figcaption class='wp-caption-text gallery-caption' id='gallery-1-1374'>\n\t\t\t\tGran Formato\n\t\t\t\t<\/figcaption><\/figure><figure class='gallery-item'>\n\t\t\t<div class='gallery-icon portrait'>\n\t\t\t\t<img loading=\"lazy\" decoding=\"async\" width=\"367\" height=\"450\" src=\"https:\/\/www.2print.com.mx\/wp-content\/uploads\/2020\/05\/box-1.jpg\" class=\"attachment-full size-full\" alt=\"\" aria-describedby=\"gallery-1-1370\" srcset=\"https:\/\/www.2print.com.mx\/wp-content\/uploads\/2020\/05\/box-1.jpg 367w, https:\/\/www.2print.com.mx\/wp-content\/uploads\/2020\/05\/box-1-245x300.jpg 245w\" sizes=\"(max-width: 367px) 100vw, 367px\" \/>\n\t\t\t<\/div>\n\t\t\t\t<figcaption class='wp-caption-text gallery-caption' id='gallery-1-1370'>\n\t\t\t\tPromocionales\n\t\t\t\t<\/figcaption><\/figure><figure class='gallery-item'>\n\t\t\t<div class='gallery-icon portrait'>\n\t\t\t\t<img loading=\"lazy\" decoding=\"async\" width=\"367\" height=\"450\" src=\"https:\/\/www.2print.com.mx\/wp-content\/uploads\/2020\/05\/folleteria-corporativa.jpg\" class=\"attachment-full size-full\" alt=\"\" aria-describedby=\"gallery-1-1459\" srcset=\"https:\/\/www.2print.com.mx\/wp-content\/uploads\/2020\/05\/folleteria-corporativa.jpg 367w, https:\/\/www.2print.com.mx\/wp-content\/uploads\/2020\/05\/folleteria-corporativa-245x300.jpg 245w\" sizes=\"(max-width: 367px) 100vw, 367px\" \/>\n\t\t\t<\/div>\n\t\t\t\t<figcaption class='wp-caption-text gallery-caption' id='gallery-1-1459'>\n\t\t\t\tFolleter\u00eda Corporativa\n\t\t\t\t<\/figcaption><\/figure><figure class='gallery-item'>\n\t\t\t<div class='gallery-icon portrait'>\n\t\t\t\t<img loading=\"lazy\" decoding=\"async\" width=\"367\" height=\"450\" src=\"https:\/\/www.2print.com.mx\/wp-content\/uploads\/2020\/05\/rotulacion-1.jpg\" class=\"attachment-full size-full\" alt=\"\" aria-describedby=\"gallery-1-1367\" srcset=\"https:\/\/www.2print.com.mx\/wp-content\/uploads\/2020\/05\/rotulacion-1.jpg 367w, https:\/\/www.2print.com.mx\/wp-content\/uploads\/2020\/05\/rotulacion-1-245x300.jpg 245w\" sizes=\"(max-width: 367px) 100vw, 367px\" \/>\n\t\t\t<\/div>\n\t\t\t\t<figcaption class='wp-caption-text gallery-caption' id='gallery-1-1367'>\n\t\t\t\tRotulaci\u00f3n de Flotillas\n\t\t\t\t<\/figcaption><\/figure><figure class='gallery-item'>\n\t\t\t<div class='gallery-icon portrait'>\n\t\t\t\t<img loading=\"lazy\" decoding=\"async\" width=\"367\" height=\"450\" src=\"https:\/\/www.2print.com.mx\/wp-content\/uploads\/2020\/05\/estampado_bordado-1.jpg\" class=\"attachment-full size-full\" alt=\"\" aria-describedby=\"gallery-1-1368\" srcset=\"https:\/\/www.2print.com.mx\/wp-content\/uploads\/2020\/05\/estampado_bordado-1.jpg 367w, https:\/\/www.2print.com.mx\/wp-content\/uploads\/2020\/05\/estampado_bordado-1-245x300.jpg 245w\" sizes=\"(max-width: 367px) 100vw, 367px\" \/>\n\t\t\t<\/div>\n\t\t\t\t<figcaption class='wp-caption-text gallery-caption' id='gallery-1-1368'>\n\t\t\t\tBordado y Estampado\n\t\t\t\t<\/figcaption><\/figure><figure class='gallery-item'>\n\t\t\t<div class='gallery-icon portrait'>\n\t\t\t\t<img loading=\"lazy\" decoding=\"async\" width=\"367\" height=\"450\" src=\"https:\/\/www.2print.com.mx\/wp-content\/uploads\/2020\/05\/rollup_demostand_xbanner.jpg\" class=\"attachment-full size-full\" alt=\"\" aria-describedby=\"gallery-1-1375\" srcset=\"https:\/\/www.2print.com.mx\/wp-content\/uploads\/2020\/05\/rollup_demostand_xbanner.jpg 367w, https:\/\/www.2print.com.mx\/wp-content\/uploads\/2020\/05\/rollup_demostand_xbanner-245x300.jpg 245w\" sizes=\"(max-width: 367px) 100vw, 367px\" \/>\n\t\t\t<\/div>\n\t\t\t\t<figcaption class='wp-caption-text gallery-caption' id='gallery-1-1375'>\n\t\t\t\tDisplay\n\t\t\t\t<\/figcaption><\/figure><figure class='gallery-item'>\n\t\t\t<div class='gallery-icon portrait'>\n\t\t\t\t<img loading=\"lazy\" decoding=\"async\" width=\"367\" height=\"450\" src=\"https:\/\/www.2print.com.mx\/wp-content\/uploads\/2020\/05\/recorte-vinil.jpg\" class=\"attachment-full size-full\" alt=\"\" aria-describedby=\"gallery-1-1463\" srcset=\"https:\/\/www.2print.com.mx\/wp-content\/uploads\/2020\/05\/recorte-vinil.jpg 367w, https:\/\/www.2print.com.mx\/wp-content\/uploads\/2020\/05\/recorte-vinil-245x300.jpg 245w\" sizes=\"(max-width: 367px) 100vw, 367px\" \/>\n\t\t\t<\/div>\n\t\t\t\t<figcaption class='wp-caption-text gallery-caption' id='gallery-1-1463'>\n\t\t\t\tRecorte Vinil\n\t\t\t\t<\/figcaption><\/figure><figure class='gallery-item'>\n\t\t\t<div class='gallery-icon portrait'>\n\t\t\t\t<img loading=\"lazy\" decoding=\"async\" width=\"367\" height=\"450\" src=\"https:\/\/www.2print.com.mx\/wp-content\/uploads\/2020\/05\/se\u00f1alizacion.jpg\" class=\"attachment-full size-full\" alt=\"\" aria-describedby=\"gallery-1-1464\" srcset=\"https:\/\/www.2print.com.mx\/wp-content\/uploads\/2020\/05\/se\u00f1alizacion.jpg 367w, https:\/\/www.2print.com.mx\/wp-content\/uploads\/2020\/05\/se\u00f1alizacion-245x300.jpg 245w\" sizes=\"(max-width: 367px) 100vw, 367px\" \/>\n\t\t\t<\/div>\n\t\t\t\t<figcaption class='wp-caption-text gallery-caption' id='gallery-1-1464'>\n\t\t\t\tSe\u00f1alizaci\u00f3n\n\t\t\t\t<\/figcaption><\/figure><figure class='gallery-item'>\n\t\t\t<div class='gallery-icon portrait'>\n\t\t\t\t<img loading=\"lazy\" decoding=\"async\" width=\"367\" height=\"450\" src=\"https:\/\/www.2print.com.mx\/wp-content\/uploads\/2020\/05\/grabado-laser.jpg\" class=\"attachment-full size-full\" alt=\"\" aria-describedby=\"gallery-1-1465\" srcset=\"https:\/\/www.2print.com.mx\/wp-content\/uploads\/2020\/05\/grabado-laser.jpg 367w, https:\/\/www.2print.com.mx\/wp-content\/uploads\/2020\/05\/grabado-laser-245x300.jpg 245w\" sizes=\"(max-width: 367px) 100vw, 367px\" \/>\n\t\t\t<\/div>\n\t\t\t\t<figcaption class='wp-caption-text gallery-caption' id='gallery-1-1465'>\n\t\t\t\tGrabado L\u00e1ser\n\t\t\t\t<\/figcaption><\/figure>\n\t\t<\/div>\n\t\t<\/div>\n\t\t\t\t\t\t<\/div>\n\t\t\t\t<\/div>\n\t\t\t\t\t<\/div>\n\t\t<\/div>\n\t\t\t\t\t<\/div>\n\t\t<\/section>\n\t\t\t\t\t<\/div>\n\t\t<\/div>\n\t\t\t\t\t<\/div>\n\t\t<\/section>\n\t\t\t\t<\/div>\n\t\t","protected":false},"excerpt":{"rendered":"<p>Servicios Impresos Solicita una Cotizaci\u00f3n tranquilidad&#8230; Contamos con un\u00a0servicio integral\u00a0donde ofrecemos una amplia gama de productos gr\u00e1ficos que le ayudar\u00e1n a optimizar y agilizar sus necesidades, satisfaciendo sus requerimientos y costos con un solo proveedor. Papeler\u00eda Corporativa Realzado Bordado 3D Gran Formato Promocionales Folleter\u00eda Corporativa Rotulaci\u00f3n de Flotillas Bordado y Estampado Display Recorte Vinil Se\u00f1alizaci\u00f3n [&hellip;]<\/p>\n","protected":false},"author":2,"featured_media":0,"parent":0,"menu_order":0,"comment_status":"closed","ping_status":"closed","template":"","meta":{"site-sidebar-layout":"no-sidebar","site-content-layout":"page-builder","ast-site-content-layout":"default","site-content-style":"default","site-sidebar-style":"default","ast-global-header-display":"","ast-banner-title-visibility":"","ast-main-header-display":"","ast-hfb-above-header-display":"","ast-hfb-below-header-display":"","ast-hfb-mobile-header-display":"","site-post-title":"disabled","ast-breadcrumbs-content":"","ast-featured-img":"disabled","footer-sml-layout":"","ast-disable-related-posts":"","theme-transparent-header-meta":"default","adv-header-id-meta":"","stick-header-meta":"","header-above-stick-meta":"","header-main-stick-meta":"","header-below-stick-meta":"","astra-migrate-meta-layouts":"default","ast-page-background-enabled":"default","ast-page-background-meta":{"desktop":{"background-color":"","background-image":"","background-repeat":"repeat","background-position":"center center","background-size":"auto","background-attachment":"scroll","background-type":"","background-media":"","overlay-type":"","overlay-color":"","overlay-opacity":"","overlay-gradient":""},"tablet":{"background-color":"","background-image":"","background-repeat":"repeat","background-position":"center center","background-size":"auto","background-attachment":"scroll","background-type":"","background-media":"","overlay-type":"","overlay-color":"","overlay-opacity":"","overlay-gradient":""},"mobile":{"background-color":"","background-image":"","background-repeat":"repeat","background-position":"center center","background-size":"auto","background-attachment":"scroll","background-type":"","background-media":"","overlay-type":"","overlay-color":"","overlay-opacity":"","overlay-gradient":""}},"ast-content-background-meta":{"desktop":{"background-color":"var(--ast-global-color-5)","background-image":"","background-repeat":"repeat","background-position":"center center","background-size":"auto","background-attachment":"scroll","background-type":"","background-media":"","overlay-type":"","overlay-color":"","overlay-opacity":"","overlay-gradient":""},"tablet":{"background-color":"var(--ast-global-color-5)","background-image":"","background-repeat":"repeat","background-position":"center center","background-size":"auto","background-attachment":"scroll","background-type":"","background-media":"","overlay-type":"","overlay-color":"","overlay-opacity":"","overlay-gradient":""},"mobile":{"background-color":"var(--ast-global-color-5)","background-image":"","background-repeat":"repeat","background-position":"center center","background-size":"auto","background-attachment":"scroll","background-type":"","background-media":"","overlay-type":"","overlay-color":"","overlay-opacity":"","overlay-gradient":""}},"footnotes":""},"class_list":["post-1216","page","type-page","status-publish","hentry"],"_links":{"self":[{"href":"https:\/\/www.2print.com.mx\/index.php?rest_route=\/wp\/v2\/pages\/1216","targetHints":{"allow":["GET"]}}],"collection":[{"href":"https:\/\/www.2print.com.mx\/index.php?rest_route=\/wp\/v2\/pages"}],"about":[{"href":"https:\/\/www.2print.com.mx\/index.php?rest_route=\/wp\/v2\/types\/page"}],"author":[{"embeddable":true,"href":"https:\/\/www.2print.com.mx\/index.php?rest_route=\/wp\/v2\/users\/2"}],"replies":[{"embeddable":true,"href":"https:\/\/www.2print.com.mx\/index.php?rest_route=%2Fwp%2Fv2%2Fcomments&post=1216"}],"version-history":[{"count":60,"href":"https:\/\/www.2print.com.mx\/index.php?rest_route=\/wp\/v2\/pages\/1216\/revisions"}],"predecessor-version":[{"id":2597,"href":"https:\/\/www.2print.com.mx\/index.php?rest_route=\/wp\/v2\/pages\/1216\/revisions\/2597"}],"wp:attachment":[{"href":"https:\/\/www.2print.com.mx\/index.php?rest_route=%2Fwp%2Fv2%2Fmedia&parent=1216"}],"curies":[{"name":"wp","href":"https:\/\/api.w.org\/{rel}","templated":true}]}}